{"id":103,"date":"2025-01-20T20:11:34","date_gmt":"2025-01-20T20:11:34","guid":{"rendered":"https:\/\/akademia3run.pl\/?page_id=103"},"modified":"2026-01-28T11:09:06","modified_gmt":"2026-01-28T11:09:06","slug":"oferta","status":"publish","type":"page","link":"https:\/\/akademia3run.pl\/index.php\/oferta\/","title":{"rendered":"Oferta"},"content":{"rendered":"\n<div class=\"wp-block-cover aligncenter wp-duotone-midnight\"><img loading=\"lazy\" decoding=\"async\" width=\"768\" height=\"1024\" class=\"wp-block-cover__image-background wp-image-104\" alt=\"\" src=\"https:\/\/akademia3run.pl\/wp-content\/uploads\/2025\/01\/IMG_0676-768x1024.jpg\" data-object-fit=\"cover\" srcset=\"https:\/\/akademia3run.pl\/wp-content\/uploads\/2025\/01\/IMG_0676-768x1024.jpg 768w, https:\/\/akademia3run.pl\/wp-content\/uploads\/2025\/01\/IMG_0676-225x300.jpg 225w, https:\/\/akademia3run.pl\/wp-content\/uploads\/2025\/01\/IMG_0676-1152x1536.jpg 1152w, https:\/\/akademia3run.pl\/wp-content\/uploads\/2025\/01\/IMG_0676.jpg 1536w\" sizes=\"auto, (max-width: 768px) 100vw, 768px\" \/><span aria-hidden=\"true\" class=\"wp-block-cover__background has-background-dim\"><\/span><div class=\"wp-block-cover__inner-container is-layout-flow wp-block-cover-is-layout-flow\">\n<p class=\"has-text-align-center has-ti-accent-secondary-color has-text-color has-link-color has-large-font-size wp-elements-642171911888b8caeb57bcf7ea35fce9\"><a href=\"https:\/\/akademia3run.pl\/index.php\/grupa-zabeczki\/\" data-type=\"page\" data-id=\"124\">\u017babeczki<\/a><\/p>\n\n\n\n<p class=\"has-text-align-center\"><mark style=\"background-color:rgba(0, 0, 0, 0)\" class=\"has-inline-color has-ti-accent-secondary-color\"><strong>Gimnastyka og\u00f3lnorozwojowa 3-6 lat<\/strong><\/mark><\/p>\n\n\n\n<p class=\"has-text-align-center has-ti-accent-secondary-color has-text-color has-link-color wp-elements-7ec474ce4bf8c67f4a8f50f0ce2a730a\"><strong><mark style=\"background-color:rgba(0, 0, 0, 0)\" class=\"has-inline-color has-ti-accent-secondary-color\"><a href=\"https:\/\/akademia3run.pl\/index.php\/grupa-zabeczki\/\" data-type=\"page\" data-id=\"124\">Kliknij i sprawd\u017a<\/a><\/mark><\/strong><\/p>\n<\/div><\/div>\n\n\n\n<div class=\"wp-block-cover aligncenter wp-duotone-rgb513838-rgb2167255-1\"><img loading=\"lazy\" decoding=\"async\" width=\"768\" height=\"1024\" class=\"wp-block-cover__image-background wp-image-105\" alt=\"\" src=\"https:\/\/akademia3run.pl\/wp-content\/uploads\/2025\/01\/IMG_0751-768x1024.jpeg\" data-object-fit=\"cover\" srcset=\"https:\/\/akademia3run.pl\/wp-content\/uploads\/2025\/01\/IMG_0751-768x1024.jpeg 768w, https:\/\/akademia3run.pl\/wp-content\/uploads\/2025\/01\/IMG_0751-225x300.jpeg 225w, https:\/\/akademia3run.pl\/wp-content\/uploads\/2025\/01\/IMG_0751-1152x1536.jpeg 1152w, https:\/\/akademia3run.pl\/wp-content\/uploads\/2025\/01\/IMG_0751.jpeg 1536w\" sizes=\"auto, (max-width: 768px) 100vw, 768px\" \/><span aria-hidden=\"true\" class=\"wp-block-cover__background has-background-dim\"><\/span><div class=\"wp-block-cover__inner-container is-layout-flow wp-block-cover-is-layout-flow\">\n<p class=\"has-text-align-center has-ti-accent-secondary-color has-text-color has-link-color has-large-font-size wp-elements-a974d2f6b8d1629305a9671af57470b3\"><a href=\"https:\/\/akademia3run.pl\/index.php\/grupa-babelki\/\" data-type=\"page\" data-id=\"127\">B\u0105belki<\/a><\/p>\n\n\n\n<p class=\"has-text-align-center\"><strong><mark style=\"background-color:rgba(0, 0, 0, 0)\" class=\"has-inline-color has-ti-accent-secondary-color\">Gimnastyka og\u00f3lnorozwojowa 3-6 lat<\/mark><\/strong><\/p>\n\n\n\n<p class=\"has-text-align-center has-ti-accent-secondary-color has-text-color has-link-color wp-elements-ceb3d913ef3423c41c479d98e7c6414f\"><mark style=\"background-color:rgba(0, 0, 0, 0)\" class=\"has-inline-color has-ti-accent-secondary-color\"><strong><a href=\"https:\/\/akademia3run.pl\/index.php\/grupa-babelki\/\" data-type=\"page\" data-id=\"127\">Kliknij i sprawd\u017a czym si\u0119 r\u00f3\u017cni\u0105 od \u017babeczek<\/a><\/strong><\/mark><\/p>\n<\/div><\/div>\n\n\n\n<div class=\"wp-block-cover wp-duotone-rgb000-rgb0166255-2\"><img loading=\"lazy\" decoding=\"async\" width=\"1536\" height=\"2048\" class=\"wp-block-cover__image-background wp-image-111\" alt=\"\" src=\"https:\/\/akademia3run.pl\/wp-content\/uploads\/2025\/01\/IMG_0820.jpeg\" data-object-fit=\"cover\" srcset=\"https:\/\/akademia3run.pl\/wp-content\/uploads\/2025\/01\/IMG_0820.jpeg 1536w, https:\/\/akademia3run.pl\/wp-content\/uploads\/2025\/01\/IMG_0820-225x300.jpeg 225w, https:\/\/akademia3run.pl\/wp-content\/uploads\/2025\/01\/IMG_0820-768x1024.jpeg 768w, https:\/\/akademia3run.pl\/wp-content\/uploads\/2025\/01\/IMG_0820-1152x1536.jpeg 1152w\" sizes=\"auto, (max-width: 1536px) 100vw, 1536px\" \/><span aria-hidden=\"true\" class=\"wp-block-cover__background has-background-dim\" style=\"background-color:#74777a\"><\/span><div class=\"wp-block-cover__inner-container is-layout-flow wp-block-cover-is-layout-flow\">\n<p class=\"has-text-align-center has-ti-accent-secondary-color has-text-color has-link-color has-large-font-size wp-elements-2275b996f94bc2f6961fb5b9df9461d5\"><strong><mark style=\"background-color:rgba(0, 0, 0, 0)\" class=\"has-inline-color has-ti-accent-secondary-color\"><a href=\"https:\/\/akademia3run.pl\/index.php\/grupa-rysie\/\" data-type=\"page\" data-id=\"129\">Rysie<\/a><\/mark><\/strong><\/p>\n\n\n\n<p class=\"has-text-align-center\"><strong><mark style=\"background-color:rgba(0, 0, 0, 0)\" class=\"has-inline-color has-ti-accent-secondary-color\">Gimnastyka sportowa 7-11 lat<\/mark><\/strong><\/p>\n\n\n\n<p class=\"has-text-align-center has-ti-accent-secondary-color has-text-color has-link-color wp-elements-4ac6b34eb2f108f4f99addf91808ea08\"><strong><mark style=\"background-color:rgba(0, 0, 0, 0)\" class=\"has-inline-color has-ti-accent-secondary-color\"><a href=\"https:\/\/akademia3run.pl\/index.php\/grupa-rysie\/\" data-type=\"page\" data-id=\"129\">Kliknij i sprawd\u017a<\/a><\/mark><\/strong><\/p>\n<\/div><\/div>\n\n\n\n<div class=\"wp-block-cover wp-duotone-midnight\"><img loading=\"lazy\" decoding=\"async\" width=\"1536\" height=\"2048\" class=\"wp-block-cover__image-background wp-image-113\" alt=\"\" src=\"https:\/\/akademia3run.pl\/wp-content\/uploads\/2025\/01\/IMG_1933.jpg\" data-object-fit=\"cover\" srcset=\"https:\/\/akademia3run.pl\/wp-content\/uploads\/2025\/01\/IMG_1933.jpg 1536w, https:\/\/akademia3run.pl\/wp-content\/uploads\/2025\/01\/IMG_1933-225x300.jpg 225w, https:\/\/akademia3run.pl\/wp-content\/uploads\/2025\/01\/IMG_1933-768x1024.jpg 768w, https:\/\/akademia3run.pl\/wp-content\/uploads\/2025\/01\/IMG_1933-1152x1536.jpg 1152w\" sizes=\"auto, (max-width: 1536px) 100vw, 1536px\" \/><span aria-hidden=\"true\" class=\"wp-block-cover__background has-background-dim\" style=\"background-color:#5982a9\"><\/span><div class=\"wp-block-cover__inner-container is-layout-flow wp-block-cover-is-layout-flow\">\n<p class=\"has-text-align-center has-ti-accent-secondary-color has-text-color has-link-color has-large-font-size wp-elements-10e8e22301fb350f067ad06a940477e0\"><strong><mark style=\"background-color:rgba(0, 0, 0, 0)\" class=\"has-inline-color has-ti-accent-secondary-color\"><a href=\"https:\/\/akademia3run.pl\/index.php\/grupa-gym-titans\/\" data-type=\"page\" data-id=\"131\">Gym Titans<\/a><\/mark><\/strong><\/p>\n\n\n\n<p class=\"has-text-align-center\"><strong><mark style=\"background-color:rgba(0, 0, 0, 0)\" class=\"has-inline-color has-ti-accent-secondary-color\">Grupy zaawansowane<\/mark><\/strong><\/p>\n\n\n\n<p class=\"has-text-align-center has-ti-accent-secondary-color has-text-color has-link-color wp-elements-6b18e602eaf24efd953f7fc15cec6ca9\"><strong><mark style=\"background-color:rgba(0, 0, 0, 0)\" class=\"has-inline-color has-ti-accent-secondary-color\"><a href=\"https:\/\/akademia3run.pl\/index.php\/grupa-gym-titans\/\" data-type=\"page\" data-id=\"131\">Kliknij i sprawd\u017a<\/a><\/mark><\/strong><\/p>\n<\/div><\/div>\n\n\n\n<div class=\"wp-block-cover aligncenter wp-duotone-midnight\"><img loading=\"lazy\" decoding=\"async\" width=\"1536\" height=\"2048\" class=\"wp-block-cover__image-background wp-image-115\" alt=\"\" src=\"https:\/\/akademia3run.pl\/wp-content\/uploads\/2025\/01\/IMG_1653.jpg\" data-object-fit=\"cover\" srcset=\"https:\/\/akademia3run.pl\/wp-content\/uploads\/2025\/01\/IMG_1653.jpg 1536w, https:\/\/akademia3run.pl\/wp-content\/uploads\/2025\/01\/IMG_1653-225x300.jpg 225w, https:\/\/akademia3run.pl\/wp-content\/uploads\/2025\/01\/IMG_1653-768x1024.jpg 768w, https:\/\/akademia3run.pl\/wp-content\/uploads\/2025\/01\/IMG_1653-1152x1536.jpg 1152w\" sizes=\"auto, (max-width: 1536px) 100vw, 1536px\" \/><span aria-hidden=\"true\" class=\"wp-block-cover__background has-background-dim\" style=\"background-color:#5d7097\"><\/span><div class=\"wp-block-cover__inner-container is-layout-flow wp-block-cover-is-layout-flow\">\n<p class=\"has-text-align-center has-ti-accent-secondary-color has-text-color has-link-color has-large-font-size wp-elements-dca482045306a14d3c1dbd6abb163b1d\"><strong><mark style=\"background-color:rgba(0, 0, 0, 0)\" class=\"has-inline-color has-ti-accent-secondary-color\"><a href=\"https:\/\/akademia3run.pl\/index.php\/grupa-mlodziez\/\" data-type=\"page\" data-id=\"133\">M\u0142odzie\u017c<\/a><\/mark><\/strong><\/p>\n\n\n\n<p class=\"has-text-align-center\"><strong><mark style=\"background-color:rgba(0, 0, 0, 0)\" class=\"has-inline-color has-ti-accent-secondary-color\">Gimnastyka sportowa 12-17<\/mark><\/strong><\/p>\n\n\n\n<p class=\"has-text-align-center has-ti-accent-secondary-color has-text-color has-link-color wp-elements-e58b23de14aae36a962c1780f5469a6e\"><strong><mark style=\"background-color:rgba(0, 0, 0, 0)\" class=\"has-inline-color has-ti-accent-secondary-color\"><a href=\"https:\/\/akademia3run.pl\/index.php\/grupa-mlodziez\/\" data-type=\"page\" data-id=\"133\">Kliknij i sprawd\u017a<\/a><\/mark><\/strong><\/p>\n<\/div><\/div>\n\n\n\n<div class=\"wp-block-cover wp-duotone-midnight\"><img loading=\"lazy\" decoding=\"async\" width=\"768\" height=\"1024\" class=\"wp-block-cover__image-background wp-image-118\" alt=\"\" src=\"https:\/\/akademia3run.pl\/wp-content\/uploads\/2025\/01\/IMG_1187-768x1024.jpg\" data-object-fit=\"cover\" srcset=\"https:\/\/akademia3run.pl\/wp-content\/uploads\/2025\/01\/IMG_1187-768x1024.jpg 768w, https:\/\/akademia3run.pl\/wp-content\/uploads\/2025\/01\/IMG_1187-225x300.jpg 225w, https:\/\/akademia3run.pl\/wp-content\/uploads\/2025\/01\/IMG_1187-1152x1536.jpg 1152w, https:\/\/akademia3run.pl\/wp-content\/uploads\/2025\/01\/IMG_1187.jpg 1536w\" sizes=\"auto, (max-width: 768px) 100vw, 768px\" \/><span aria-hidden=\"true\" class=\"wp-block-cover__background has-background-dim\"><\/span><div class=\"wp-block-cover__inner-container is-layout-flow wp-block-cover-is-layout-flow\">\n<p class=\"has-text-align-center has-ti-accent-secondary-color has-text-color has-link-color has-large-font-size wp-elements-e5b7a0255666bc9bc10570345723f634\"><a href=\"https:\/\/akademia3run.pl\/index.php\/grupa-parkour\/\">Parkour<\/a><\/p>\n\n\n\n<p class=\"has-text-align-center\"><strong><mark style=\"background-color:rgba(0, 0, 0, 0)\" class=\"has-inline-color has-ti-accent-secondary-color\">Sztuka przemieszczania si\u0119 i pokonywania przeszk\u00f3d 7-15 lat<\/mark><\/strong><\/p>\n\n\n\n<p class=\"has-text-align-center has-ti-accent-secondary-color has-text-color has-link-color wp-elements-b96ec3be6e1a138eed2a3c954f34e14c\"><strong><mark style=\"background-color:rgba(0, 0, 0, 0)\" class=\"has-inline-color has-ti-accent-secondary-color\"><a href=\"https:\/\/akademia3run.pl\/index.php\/grupa-parkour\/\" data-type=\"page\" data-id=\"137\">Kliknij i sprawd\u017a<\/a><\/mark><\/strong><\/p>\n<\/div><\/div>\n\n\n\n<div class=\"wp-block-cover is-light wp-duotone-midnight\"><img loading=\"lazy\" decoding=\"async\" width=\"1536\" height=\"2048\" class=\"wp-block-cover__image-background wp-image-117\" alt=\"<a href=&quot;https:\/\/www.akademia3run.pl\/dorosli&quot;&gt;\n<\/a&gt;\" src=\"https:\/\/akademia3run.pl\/wp-content\/uploads\/2025\/01\/IMG_1196-1.jpg\" style=\"object-position:52% 49%\" data-object-fit=\"cover\" data-object-position=\"52% 49%\" srcset=\"https:\/\/akademia3run.pl\/wp-content\/uploads\/2025\/01\/IMG_1196-1.jpg 1536w, https:\/\/akademia3run.pl\/wp-content\/uploads\/2025\/01\/IMG_1196-1-225x300.jpg 225w, https:\/\/akademia3run.pl\/wp-content\/uploads\/2025\/01\/IMG_1196-1-768x1024.jpg 768w, https:\/\/akademia3run.pl\/wp-content\/uploads\/2025\/01\/IMG_1196-1-1152x1536.jpg 1152w\" sizes=\"auto, (max-width: 1536px) 100vw, 1536px\" \/><span aria-hidden=\"true\" class=\"wp-block-cover__background has-background-dim\" style=\"background-color:#929aa1\"><\/span><div class=\"wp-block-cover__inner-container is-layout-flow wp-block-cover-is-layout-flow\">\n<p class=\"has-text-align-center has-ti-accent-secondary-color has-text-color has-link-color has-large-font-size wp-elements-2ea3645fc1c1b26a253749dbd8facad3\"><strong><mark style=\"background-color:rgba(0, 0, 0, 0)\" class=\"has-inline-color has-ti-accent-secondary-color\"><a href=\"https:\/\/akademia3run.pl\/index.php\/grupa-dorosli\/\" data-type=\"page\" data-id=\"135\">Doro\u015bli<\/a><\/mark><\/strong><\/p>\n\n\n\n<p class=\"has-text-align-center\"><strong><mark style=\"background-color:rgba(0, 0, 0, 0)\" class=\"has-inline-color has-ti-accent-secondary-color\">Gimnastyka sportowa na ka\u017cdym poziomie<\/mark><\/strong><\/p>\n\n\n\n<p class=\"has-text-align-center has-ti-accent-secondary-color has-text-color has-link-color wp-elements-396e0d9a07552bed05fdb8cb8a3d2e63\"><strong><mark style=\"background-color:rgba(0, 0, 0, 0)\" class=\"has-inline-color has-ti-accent-secondary-color\"><a href=\"https:\/\/akademia3run.pl\/index.php\/grupa-dorosli\/\" data-type=\"page\" data-id=\"135\">Kliknij i sprawd\u017a<\/a><\/mark><\/strong><\/p>\n<\/div><\/div>\n\n\n\n<div class=\"wp-block-cover wp-duotone-midnight\"><img loading=\"lazy\" decoding=\"async\" width=\"768\" height=\"1024\" class=\"wp-block-cover__image-background wp-image-119\" alt=\"\" src=\"https:\/\/akademia3run.pl\/wp-content\/uploads\/2025\/01\/IMG_1752-768x1024.jpg\" data-object-fit=\"cover\" srcset=\"https:\/\/akademia3run.pl\/wp-content\/uploads\/2025\/01\/IMG_1752-768x1024.jpg 768w, https:\/\/akademia3run.pl\/wp-content\/uploads\/2025\/01\/IMG_1752-225x300.jpg 225w, https:\/\/akademia3run.pl\/wp-content\/uploads\/2025\/01\/IMG_1752-1152x1536.jpg 1152w, https:\/\/akademia3run.pl\/wp-content\/uploads\/2025\/01\/IMG_1752.jpg 1536w\" sizes=\"auto, (max-width: 768px) 100vw, 768px\" \/><span aria-hidden=\"true\" class=\"wp-block-cover__background has-background-dim\"><\/span><div class=\"wp-block-cover__inner-container is-layout-flow wp-block-cover-is-layout-flow\">\n<p class=\"has-text-align-center has-large-font-size\"><strong><mark style=\"background-color:rgba(0, 0, 0, 0)\" class=\"has-inline-color has-ti-accent-secondary-color\">Treningi Personalne<\/mark><\/strong><\/p>\n\n\n\n<p class=\"has-text-align-center\"><strong><mark style=\"background-color:rgba(0, 0, 0, 0)\" class=\"has-inline-color has-ti-accent-secondary-color\">Indywidualne 1 na 1 z trenerem<\/mark><\/strong><\/p>\n\n\n\n<p class=\"has-text-align-center\"><\/p>\n<\/div><\/div>\n\n\n\n<div class=\"wp-block-cover wp-duotone-midnight\"><img loading=\"lazy\" decoding=\"async\" width=\"576\" height=\"1024\" class=\"wp-block-cover__image-background wp-image-224 size-large\" alt=\"\" src=\"http:\/\/akademia3run.pl\/wp-content\/uploads\/2025\/05\/IMG_2770.MOV_snapshot_00.05.629-576x1024.jpg\" data-object-fit=\"cover\" srcset=\"https:\/\/akademia3run.pl\/wp-content\/uploads\/2025\/05\/IMG_2770.MOV_snapshot_00.05.629-576x1024.jpg 576w, https:\/\/akademia3run.pl\/wp-content\/uploads\/2025\/05\/IMG_2770.MOV_snapshot_00.05.629-169x300.jpg 169w, https:\/\/akademia3run.pl\/wp-content\/uploads\/2025\/05\/IMG_2770.MOV_snapshot_00.05.629-768x1365.jpg 768w, https:\/\/akademia3run.pl\/wp-content\/uploads\/2025\/05\/IMG_2770.MOV_snapshot_00.05.629-864x1536.jpg 864w, https:\/\/akademia3run.pl\/wp-content\/uploads\/2025\/05\/IMG_2770.MOV_snapshot_00.05.629-rotated.jpg 1080w\" sizes=\"auto, (max-width: 576px) 100vw, 576px\" \/><span aria-hidden=\"true\" class=\"wp-block-cover__background has-background-dim\" style=\"background-color:#76778c\"><\/span><div class=\"wp-block-cover__inner-container is-layout-flow wp-block-cover-is-layout-flow\">\n<p class=\"has-text-align-center has-ti-accent-secondary-color has-text-color has-link-color has-large-font-size wp-elements-5b329e725eca7e691aee7b9e5588f352\"><strong><a href=\"https:\/\/akademia3run.pl\/index.php\/ferie-oboz\/\" data-type=\"page\" data-id=\"218\">Ferie \/ Ob\u00f3z<\/a><\/strong><\/p>\n<\/div><\/div>\n\n\n\n<p><\/p>\n","protected":false},"excerpt":{"rendered":"","protected":false},"author":1,"featured_media":0,"parent":0,"menu_order":0,"comment_status":"closed","ping_status":"closed","template":"","meta":{"footnotes":""},"class_list":["post-103","page","type-page","status-publish","hentry"],"_links":{"self":[{"href":"https:\/\/akademia3run.pl\/index.php\/wp-json\/wp\/v2\/pages\/103","targetHints":{"allow":["GET"]}}],"collection":[{"href":"https:\/\/akademia3run.pl\/index.php\/wp-json\/wp\/v2\/pages"}],"about":[{"href":"https:\/\/akademia3run.pl\/index.php\/wp-json\/wp\/v2\/types\/page"}],"author":[{"embeddable":true,"href":"https:\/\/akademia3run.pl\/index.php\/wp-json\/wp\/v2\/users\/1"}],"replies":[{"embeddable":true,"href":"https:\/\/akademia3run.pl\/index.php\/wp-json\/wp\/v2\/comments?post=103"}],"version-history":[{"count":18,"href":"https:\/\/akademia3run.pl\/index.php\/wp-json\/wp\/v2\/pages\/103\/revisions"}],"predecessor-version":[{"id":375,"href":"https:\/\/akademia3run.pl\/index.php\/wp-json\/wp\/v2\/pages\/103\/revisions\/375"}],"wp:attachment":[{"href":"https:\/\/akademia3run.pl\/index.php\/wp-json\/wp\/v2\/media?parent=103"}],"curies":[{"name":"wp","href":"https:\/\/api.w.org\/{rel}","templated":true}]}}