{"id":177,"date":"2025-01-23T12:12:30","date_gmt":"2025-01-23T12:12:30","guid":{"rendered":"https:\/\/akademia3run.pl\/?page_id=177"},"modified":"2025-12-17T14:53:21","modified_gmt":"2025-12-17T14:53:21","slug":"ferie","status":"publish","type":"page","link":"https:\/\/akademia3run.pl\/index.php\/ferie\/","title":{"rendered":"Gimnastyczne FERIE z Akademi\u0105 3run"},"content":{"rendered":"\n<figure class=\"wp-block-image size-large\"><img loading=\"lazy\" decoding=\"async\" width=\"768\" height=\"1024\" src=\"http:\/\/akademia3run.pl\/wp-content\/uploads\/2025\/12\/ferie-akademia-3run-768x1024.png\" alt=\"\" class=\"wp-image-343\" srcset=\"https:\/\/akademia3run.pl\/wp-content\/uploads\/2025\/12\/ferie-akademia-3run-768x1024.png 768w, https:\/\/akademia3run.pl\/wp-content\/uploads\/2025\/12\/ferie-akademia-3run-225x300.png 225w, https:\/\/akademia3run.pl\/wp-content\/uploads\/2025\/12\/ferie-akademia-3run-1152x1536.png 1152w, https:\/\/akademia3run.pl\/wp-content\/uploads\/2025\/12\/ferie-akademia-3run-1536x2048.png 1536w, https:\/\/akademia3run.pl\/wp-content\/uploads\/2025\/12\/ferie-akademia-3run-scaled.png 1920w\" sizes=\"auto, (max-width: 768px) 100vw, 768px\" \/><\/figure>\n\n\n\n<p><strong>Zimowe ferie pe\u0142ne ruchu i emocji z Akademi\u0105 3RUN!<\/strong><\/p>\n\n\n\n<p>Zapraszamy na niezapomniane ferie, podczas kt\u00f3rych ka\u017cdy uczestnik poczuje moc adrenaliny, rozwinie swoje umiej\u0119tno\u015bci akrobatyczne i sp\u0119dzi czas w towarzystwie r\u00f3wie\u015bnik\u00f3w. W Akademii 3run przygotowali\u015bmy program, kt\u00f3ry \u0142\u0105czy aktywno\u015b\u0107 fizyczn\u0105, dobr\u0105 zabaw\u0119 i mn\u00f3stwo atrakcji. Z nami te ferie b\u0119d\u0105 niezapomniane!<\/p>\n\n\n\n<p><strong>Co czeka na uczestnik\u00f3w?<\/strong><\/p>\n\n\n\n<ul class=\"wp-block-list\">\n<li>Codziennie 4 godziny trening\u00f3w gimnastyki i parkour \u2013 pod okiem do\u015bwiadczonych instruktor\u00f3w.<\/li>\n\n\n\n<li>Pyszne posi\u0142ki: dwudaniowy obiad z deserem i podwieczorek. <\/li>\n\n\n\n<li>Wyjazd do <a href=\"https:\/\/fnir.pl\/\" data-type=\"link\" data-id=\"https:\/\/fnir.pl\/\">Fabryki Nauki i Rozrywki<\/a> &#8211; emocje gwarantowane!<\/li>\n\n\n\n<li>Wsp\u00f3lne wyj\u015bcie do <a href=\"https:\/\/mkig.pl\/\" data-type=\"link\" data-id=\"https:\/\/mkig.pl\/\">Muzeum Komputer\u00f3w i Gier<\/a> &#8211; ciekawie i edukacyjnie.<\/li>\n\n\n\n<li>Zabawy na \u015bwie\u017cym powietrzu (w zale\u017cno\u015bci od pogody).<\/li>\n\n\n\n<li>Popo\u0142udnia pe\u0142ne plansz\u00f3wek i rozgrywek VR.<\/li>\n\n\n\n<li>Animacje ruchowe, kt\u00f3re rozgrzej\u0105 ka\u017cdego.<\/li>\n<\/ul>\n\n\n\n<p><strong>Koszt uczestnictwa:<\/strong><\/p>\n\n\n\n<ul class=\"wp-block-list\">\n<li>780 z\u0142 za ca\u0142y tydzie\u0144<\/li>\n\n\n\n<li>190 z\u0142 za jeden dzie\u0144<\/li>\n\n\n\n<li>przy zapisie zadatek 50%<\/li>\n<\/ul>\n\n\n\n<p><strong>Terminy do wyboru:<\/strong><\/p>\n\n\n\n<ul class=\"wp-block-list\">\n<li>02-06 lutego, godz. 7:30-16:00<\/li>\n\n\n\n<li>09-13 lutego, godz. 7:30-16:00<\/li>\n<\/ul>\n\n\n\n<div class=\"wp-block-group is-layout-constrained wp-block-group-is-layout-constrained\">\n<p><strong>Dla kogo?<\/strong><\/p>\n\n\n\n<p>Dzieci i m\u0142odzie\u017c w wieku od 6 do 17 lat. <\/p>\n<\/div>\n\n\n\n<p><strong>Rezerwacje:<\/strong><\/p>\n\n\n\n<p>kontakt@akademia3run.pl<\/p>\n\n\n\n<p>797 569 809 <\/p>\n\n\n\n<p><strong>Zarezerwuj miejsce ju\u017c dzi\u015b i spraw, by Twoje dziecko sp\u0119dzi\u0142o ferie aktywnie i z u\u015bmiechem!<\/strong><\/p>\n","protected":false},"excerpt":{"rendered":"<p>Zimowe ferie pe\u0142ne ruchu i emocji z Akademi\u0105 3RUN! Zapraszamy na niezapomniane ferie, podczas kt\u00f3rych ka\u017cdy uczestnik poczuje moc adrenaliny, rozwinie swoje umiej\u0119tno\u015bci akrobatyczne i sp\u0119dzi czas w towarzystwie r\u00f3wie\u015bnik\u00f3w. W Akademii 3run przygotowali\u015bmy program, kt\u00f3ry \u0142\u0105czy aktywno\u015b\u0107 fizyczn\u0105, dobr\u0105 zabaw\u0119 i mn\u00f3stwo atrakcji. Z nami te ferie b\u0119d\u0105 niezapomniane! Co czeka na uczestnik\u00f3w? Koszt [&hellip;]<\/p>\n","protected":false},"author":1,"featured_media":0,"parent":0,"menu_order":0,"comment_status":"closed","ping_status":"closed","template":"","meta":{"footnotes":""},"class_list":["post-177","page","type-page","status-publish","hentry"],"_links":{"self":[{"href":"https:\/\/akademia3run.pl\/index.php\/wp-json\/wp\/v2\/pages\/177","targetHints":{"allow":["GET"]}}],"collection":[{"href":"https:\/\/akademia3run.pl\/index.php\/wp-json\/wp\/v2\/pages"}],"about":[{"href":"https:\/\/akademia3run.pl\/index.php\/wp-json\/wp\/v2\/types\/page"}],"author":[{"embeddable":true,"href":"https:\/\/akademia3run.pl\/index.php\/wp-json\/wp\/v2\/users\/1"}],"replies":[{"embeddable":true,"href":"https:\/\/akademia3run.pl\/index.php\/wp-json\/wp\/v2\/comments?post=177"}],"version-history":[{"count":6,"href":"https:\/\/akademia3run.pl\/index.php\/wp-json\/wp\/v2\/pages\/177\/revisions"}],"predecessor-version":[{"id":358,"href":"https:\/\/akademia3run.pl\/index.php\/wp-json\/wp\/v2\/pages\/177\/revisions\/358"}],"wp:attachment":[{"href":"https:\/\/akademia3run.pl\/index.php\/wp-json\/wp\/v2\/media?parent=177"}],"curies":[{"name":"wp","href":"https:\/\/api.w.org\/{rel}","templated":true}]}}