{"id":218,"date":"2025-05-22T14:52:26","date_gmt":"2025-05-22T14:52:26","guid":{"rendered":"https:\/\/akademia3run.pl\/?page_id=218"},"modified":"2026-02-07T13:56:06","modified_gmt":"2026-02-07T13:56:06","slug":"ferie-oboz","status":"publish","type":"page","link":"https:\/\/akademia3run.pl\/index.php\/ferie-oboz\/","title":{"rendered":"Ferie \/ Ob\u00f3z"},"content":{"rendered":"\n<figure class=\"wp-block-gallery has-nested-images columns-default is-cropped wp-block-gallery-1 is-layout-flex wp-block-gallery-is-layout-flex\">\n<figure class=\"wp-block-image size-large\"><a href=\"https:\/\/akademia3run.pl\/index.php\/oboz-gimnastyczny-2026\/\"><img loading=\"lazy\" decoding=\"async\" width=\"724\" height=\"1024\" data-id=\"390\" src=\"https:\/\/akademia3run.pl\/wp-content\/uploads\/2026\/02\/oboz-2026-4-724x1024.png\" alt=\"\" class=\"wp-image-390\" srcset=\"https:\/\/akademia3run.pl\/wp-content\/uploads\/2026\/02\/oboz-2026-4-724x1024.png 724w, https:\/\/akademia3run.pl\/wp-content\/uploads\/2026\/02\/oboz-2026-4-212x300.png 212w, https:\/\/akademia3run.pl\/wp-content\/uploads\/2026\/02\/oboz-2026-4-768x1086.png 768w, https:\/\/akademia3run.pl\/wp-content\/uploads\/2026\/02\/oboz-2026-4-1086x1536.png 1086w, https:\/\/akademia3run.pl\/wp-content\/uploads\/2026\/02\/oboz-2026-4-1448x2048.png 1448w, https:\/\/akademia3run.pl\/wp-content\/uploads\/2026\/02\/oboz-2026-4-scaled.png 1810w\" sizes=\"auto, (max-width: 724px) 100vw, 724px\" \/><\/a><figcaption class=\"wp-element-caption\">Kliknij, by dowiedzie\u0107 si\u0119 wi\u0119cej<\/figcaption><\/figure>\n<\/figure>\n\n\n\n<figure class=\"wp-block-gallery has-nested-images columns-default is-cropped wp-block-gallery-2 is-layout-flex wp-block-gallery-is-layout-flex\">\n<figure class=\"wp-block-image size-large\"><a href=\"https:\/\/akademia3run.pl\/index.php\/ferie\/\"><img loading=\"lazy\" decoding=\"async\" width=\"768\" height=\"1024\" data-id=\"343\" src=\"https:\/\/akademia3run.pl\/wp-content\/uploads\/2025\/12\/ferie-akademia-3run-768x1024.png\" alt=\"\" class=\"wp-image-343\" srcset=\"https:\/\/akademia3run.pl\/wp-content\/uploads\/2025\/12\/ferie-akademia-3run-768x1024.png 768w, https:\/\/akademia3run.pl\/wp-content\/uploads\/2025\/12\/ferie-akademia-3run-225x300.png 225w, https:\/\/akademia3run.pl\/wp-content\/uploads\/2025\/12\/ferie-akademia-3run-1152x1536.png 1152w, https:\/\/akademia3run.pl\/wp-content\/uploads\/2025\/12\/ferie-akademia-3run-1536x2048.png 1536w, https:\/\/akademia3run.pl\/wp-content\/uploads\/2025\/12\/ferie-akademia-3run-scaled.png 1920w\" sizes=\"auto, (max-width: 768px) 100vw, 768px\" \/><\/a><figcaption class=\"wp-element-caption\">Kliknij, by dowiedzie\u0107 si\u0119 wi\u0119cej<\/figcaption><\/figure>\n<\/figure>\n\n\n\n<figure class=\"wp-block-gallery has-nested-images columns-default is-cropped wp-block-gallery-3 is-layout-flex wp-block-gallery-is-layout-flex\">\n<figure class=\"wp-block-image size-large\"><a href=\"https:\/\/akademia3run.pl\/index.php\/oferta\/gimnastyczne-lato-plakat-3\/\"><img loading=\"lazy\" decoding=\"async\" width=\"724\" height=\"1024\" data-id=\"208\" src=\"https:\/\/akademia3run.pl\/wp-content\/uploads\/2025\/05\/gimnastyczne-lato-plakat-2-724x1024.png\" alt=\"\" class=\"wp-image-208\" srcset=\"https:\/\/akademia3run.pl\/wp-content\/uploads\/2025\/05\/gimnastyczne-lato-plakat-2-724x1024.png 724w, https:\/\/akademia3run.pl\/wp-content\/uploads\/2025\/05\/gimnastyczne-lato-plakat-2-212x300.png 212w, https:\/\/akademia3run.pl\/wp-content\/uploads\/2025\/05\/gimnastyczne-lato-plakat-2-768x1086.png 768w, https:\/\/akademia3run.pl\/wp-content\/uploads\/2025\/05\/gimnastyczne-lato-plakat-2-1086x1536.png 1086w, https:\/\/akademia3run.pl\/wp-content\/uploads\/2025\/05\/gimnastyczne-lato-plakat-2-scaled.png 1810w\" sizes=\"auto, (max-width: 724px) 100vw, 724px\" \/><\/a><figcaption class=\"wp-element-caption\">Kliknij, by dowiedzie\u0107 si\u0119 wi\u0119cej<\/figcaption><\/figure>\n\n\n\n<figure class=\"wp-block-image size-large\"><a href=\"https:\/\/akademia3run.pl\/index.php\/oferta\/plakat-oboz-2025-lato-2\/\"><img loading=\"lazy\" decoding=\"async\" width=\"724\" height=\"1024\" data-id=\"206\" src=\"https:\/\/akademia3run.pl\/wp-content\/uploads\/2025\/05\/plakat-oboz-2025-lato-1-724x1024.png\" alt=\"\" class=\"wp-image-206\" srcset=\"https:\/\/akademia3run.pl\/wp-content\/uploads\/2025\/05\/plakat-oboz-2025-lato-1-724x1024.png 724w, https:\/\/akademia3run.pl\/wp-content\/uploads\/2025\/05\/plakat-oboz-2025-lato-1-212x300.png 212w, https:\/\/akademia3run.pl\/wp-content\/uploads\/2025\/05\/plakat-oboz-2025-lato-1-768x1086.png 768w, https:\/\/akademia3run.pl\/wp-content\/uploads\/2025\/05\/plakat-oboz-2025-lato-1-1086x1536.png 1086w, https:\/\/akademia3run.pl\/wp-content\/uploads\/2025\/05\/plakat-oboz-2025-lato-1-scaled.png 1810w\" sizes=\"auto, (max-width: 724px) 100vw, 724px\" \/><\/a><figcaption class=\"wp-element-caption\">Kliknij, by dowiedzie\u0107 si\u0119 wi\u0119cej<\/figcaption><\/figure>\n<\/figure>\n","protected":false},"excerpt":{"rendered":"","protected":false},"author":1,"featured_media":390,"parent":0,"menu_order":0,"comment_status":"closed","ping_status":"closed","template":"","meta":{"footnotes":""},"class_list":["post-218","page","type-page","status-publish","has-post-thumbnail","hentry"],"_links":{"self":[{"href":"https:\/\/akademia3run.pl\/index.php\/wp-json\/wp\/v2\/pages\/218","targetHints":{"allow":["GET"]}}],"collection":[{"href":"https:\/\/akademia3run.pl\/index.php\/wp-json\/wp\/v2\/pages"}],"about":[{"href":"https:\/\/akademia3run.pl\/index.php\/wp-json\/wp\/v2\/types\/page"}],"author":[{"embeddable":true,"href":"https:\/\/akademia3run.pl\/index.php\/wp-json\/wp\/v2\/users\/1"}],"replies":[{"embeddable":true,"href":"https:\/\/akademia3run.pl\/index.php\/wp-json\/wp\/v2\/comments?post=218"}],"version-history":[{"count":10,"href":"https:\/\/akademia3run.pl\/index.php\/wp-json\/wp\/v2\/pages\/218\/revisions"}],"predecessor-version":[{"id":397,"href":"https:\/\/akademia3run.pl\/index.php\/wp-json\/wp\/v2\/pages\/218\/revisions\/397"}],"wp:featuredmedia":[{"embeddable":true,"href":"https:\/\/akademia3run.pl\/index.php\/wp-json\/wp\/v2\/media\/390"}],"wp:attachment":[{"href":"https:\/\/akademia3run.pl\/index.php\/wp-json\/wp\/v2\/media?parent=218"}],"curies":[{"name":"wp","href":"https:\/\/api.w.org\/{rel}","templated":true}]}}