{"id":230,"date":"2025-06-11T16:22:08","date_gmt":"2025-06-11T16:22:08","guid":{"rendered":"https:\/\/akademia3run.pl\/?page_id=230"},"modified":"2025-06-11T16:22:59","modified_gmt":"2025-06-11T16:22:59","slug":"regulamin-fundacji","status":"publish","type":"page","link":"https:\/\/akademia3run.pl\/index.php\/regulamin-fundacji\/","title":{"rendered":"Regulamin dzia\u0142alno\u015bci klubu sportowego Fundacji AKADEMII 3RUN z siedzib\u0105 w Warszawie"},"content":{"rendered":"\n<p><strong>Postanowienia og\u00f3lne<\/strong><\/p>\n\n\n\n<p><strong>\u00a7 1<\/strong><\/p>\n\n\n\n<ol class=\"wp-block-list\">\n<li>Klub sportowy zosta\u0142 powo\u0142any w Fundacji \u201eAKADEMIA 3RUN\u201d z siedzib\u0105 w Warszawie (dalej: Fundacja) i zwany jest dalej \u201eKlubem Sportowym\u201d lub \u201cKlubem\u201d.<\/li>\n\n\n\n<li>Klub jest dobrowolnym, samorz\u0105dnym, trwa\u0142ym zrzeszeniem, kt\u00f3re mo\u017ce prowadzi\u0107 odp\u0142atn\u0105 dzia\u0142alno\u015b\u0107 statutow\u0105.<\/li>\n\n\n\n<li>Klub we w\u0142asnym imieniu mo\u017ce nabywa\u0107 prawa, w tym w\u0142asno\u015b\u0107 i inne prawa rzeczowe, zaci\u0105ga\u0107 zobowi\u0105zania, pozywa\u0107 i by\u0107 pozywane.<\/li>\n\n\n\n<li>Klub jest klubem sportowym zgodnie z przepisami Ustawy o sporcie.<\/li>\n<\/ol>\n\n\n\n<p><strong>\u00a7 2<\/strong><\/p>\n\n\n\n<p>Podstaw\u0105 dzia\u0142ania Klubu s\u0105 przepisy Ustawy z dnia 25 czerwca 2010 r. o sporcie (Dz.U.2022.0.1599 t.j.), Statutu Fundacji AKADEMII 3RUN oraz postanowienia niniejszego Regulaminu.<\/p>\n\n\n\n<p><strong>\u00a7 3<\/strong><\/p>\n\n\n\n<p>Terenem dzia\u0142alno\u015bci Klubu jest obszar Rzeczypospolitej Polskiej, przy czym w zakresie niezb\u0119dnym dla w\u0142a\u015bciwego realizowania cel\u00f3w mo\u017ce on prowadzi\u0107 dzia\u0142alno\u015b\u0107 tak\u017ce poza granicami Rzeczypospolitej Polskiej.<\/p>\n\n\n\n<p><strong>\u00a7 4<\/strong><\/p>\n\n\n\n<p>Siedzib\u0105 Klubu sportowego jest Warszawa.<\/p>\n\n\n\n<p><strong>Cele i \u015brodki dzia\u0142ania<\/strong><\/p>\n\n\n\n<p><strong>\u00a7 5<\/strong><\/p>\n\n\n\n<p>Celem dzia\u0142ania Klubu sportowego jest:<\/p>\n\n\n\n<ol class=\"wp-block-list\">\n<li>Krzewienie pasji i animacja spo\u0142eczno-kulturalna w\u015br\u00f3d dzieci, m\u0142odzie\u017cy i os\u00f3b doros\u0142ych,<\/li>\n\n\n\n<li>Wspieranie, rozw\u00f3j, promocja i upowszechnianie sportu i kultury fizycznej w\u015br\u00f3d<br>dzieci i m\u0142odzie\u017cy,<\/li>\n\n\n\n<li>Krzewienie pasji do sportu w\u015br\u00f3d dzieci, m\u0142odzie\u017cy i os\u00f3b doros\u0142ych,&nbsp;<\/li>\n\n\n\n<li>Podejmowanie dzia\u0142a\u0144 kt\u00f3rych nast\u0119pstwem b\u0119dzie inspirowanie m\u0142odych ludzi do piel\u0119gnowania swoich pasji,&nbsp;<\/li>\n\n\n\n<li>Promocja aktywnego wypoczynku,<\/li>\n\n\n\n<li>Organizacja, rozw\u00f3j i popularyzacja r\u00f3\u017cnych form ta\u0144ca, kultury i sztuki oraz innych aktywno\u015bci,<\/li>\n\n\n\n<li>Pomoc rodzinom dzieci i m\u0142odzie\u017cy znajduj\u0105cych si\u0119 w trudnej sytuacji \u017cyciowej oraz pomoc w wyr\u00f3wnywaniu szans tych rodzin,<\/li>\n\n\n\n<li>Podejmowanie dzia\u0142a\u0144 na rzecz promocji ruchu, ekologii i edukacji,<\/li>\n\n\n\n<li>Organizacja, rozwijanie dzia\u0142alno\u015bci prowadz\u0105cej do utrzymania i podnoszenia sprawno\u015bci fizycznej spo\u0142ecze\u0144stwa: doros\u0142ych, m\u0142odzie\u017cy i dzieci,<\/li>\n\n\n\n<li>Propagowanie zdrowego stylu \u017cycia w\u015br\u00f3d dzieci, m\u0142odzie\u017cy i os\u00f3b doros\u0142ych,<\/li>\n\n\n\n<li>Rozwijanie zami\u0142owania do systematycznego uprawiania r\u00f3\u017cnych form aktywno\u015bci i sportu w r\u00f3\u017cnych \u015brodowiskach,<\/li>\n\n\n\n<li>Organizacja wsp\u00f3\u0142zawodnictwa sportowego,<\/li>\n\n\n\n<li>Ochrona i promocja zdrowia,<\/li>\n\n\n\n<li>Pobudzanie i stymulowanie pasji tw\u00f3rczej dzieci i m\u0142odzie\u017cy, doros\u0142ych,<\/li>\n\n\n\n<li>Wyr\u00f3wnywanie szans dzieci i m\u0142odzie\u017cy w dost\u0119pie do edukacji i kultury,<\/li>\n\n\n\n<li>Pomoc m\u0142odzie\u017cy w przezwyci\u0119\u017caniu trudnych sytuacji \u017cyciowych i barier w rozwoju swojego talentu,<\/li>\n\n\n\n<li>Pobudzanie i stymulowanie aktywno\u015bci spo\u0142ecznej i kulturalnej w szczeg\u00f3lno\u015bci w\u015br\u00f3d dzieci i m\u0142odzie\u017cy,<\/li>\n\n\n\n<li>Wspieranie rozwoju utalentowanych m\u0142odych sportowc\u00f3w,<\/li>\n\n\n\n<li>Wspieranie rozwoju utalentowanych m\u0142odych artyst\u00f3w, w zakresie sportu, rekreacji, ta\u0144ca, ekologii i sztuki,<\/li>\n\n\n\n<li>Nawi\u0105zywanie wsp\u00f3\u0142pracy ze \u015brodowiskami i organizacjami o podobnych celach,<\/li>\n\n\n\n<li>Inicjatywy zwi\u0105zane z ekologi\u0105 i zdrowym trybem \u017cycia,<\/li>\n\n\n\n<li>Promowanie postaw odpowiedzialnych wobec natury, zwierz\u0105t i otoczenia,<\/li>\n\n\n\n<li>Wspieranie i organizowanie wypoczynku dzieci, m\u0142odzie\u017cy i doros\u0142ych,<\/li>\n\n\n\n<li>Wspieranie idei wolontariatu, promocja i organizacja wolontariatu,<\/li>\n\n\n\n<li>Pomoc osobom starszym i seniorom z problemami zdrowotnymi,<\/li>\n\n\n\n<li>Szkolenie w zakresie profilaktyki zdrowotnej dla os\u00f3b starszych i senior\u00f3w,<\/li>\n\n\n\n<li>Prowadzenie zaj\u0119\u0107 w zakresie aktywno\u015bci wyciszaj\u0105cych oraz innych form aktywno\u015bci i odbudowy zdrowia dla os\u00f3b podatnych na trudno\u015bci metaboliczne lub oty\u0142o\u015b\u0107 oraz z problemami z kr\u0105\u017ceniem,<\/li>\n\n\n\n<li>Dzia\u0142alno\u015b\u0107 na rzecz dzieci i m\u0142odzie\u017cy, w tym terapie wspieraj\u0105ce ich rozw\u00f3j spo\u0142eczny, emocjonalny, fizyczny, psychiczny i umys\u0142owy,&nbsp;<\/li>\n\n\n\n<li>Popularyzacja wiedzy z zakresu wychowania dzieci i m\u0142odzie\u017cy oraz rozw\u00f3j umiej\u0119tno\u015bci wychowawczych rodzic\u00f3w i os\u00f3b pracuj\u0105cych z dzie\u0107mi i m\u0142odzie\u017c\u0105,<\/li>\n\n\n\n<li>Dzia\u0142ania zwi\u0105zane z rehabilitacj\u0105 ruchow\u0105 i fizjoterapi\u0105.&nbsp;<\/li>\n\n\n\n<li>Wspieranie os\u00f3b w zakresie walki z uzale\u017cnieniami, pomoc\u0105 z powrotem do sprawno\u015bci psychofizycznej po trudnych przej\u015bciach i wzmocnienie fizyczne i psychiczne dzieci, m\u0142odzie\u017cy i doros\u0142ych po trudnych przej\u015bciach.<\/li>\n<\/ol>\n\n\n\n<p><strong>\u00a7 6<\/strong><\/p>\n\n\n\n<p>Klub sportowy realizuje swoje cele poprzez:<\/p>\n\n\n\n<ol class=\"wp-block-list\">\n<li>Organizowanie zaj\u0119\u0107 sportowych, tanecznych, kulturalnych, plastycznych, artystycznych dla dzieci, m\u0142odzie\u017cy oraz doros\u0142ych,<\/li>\n\n\n\n<li>Organizowanie warsztat\u00f3w, turniej\u00f3w, zgrupowa\u0144, dla dzieci i m\u0142odzie\u017cy oraz os\u00f3b doros\u0142ych,<\/li>\n\n\n\n<li>Organizacj\u0119 wypoczynku w tym: oboz\u00f3w, kolonii, oboz\u00f3w sportowych, oboz\u00f3w wypoczynkowych dla dzieci i m\u0142odzie\u017cy oraz os\u00f3b doros\u0142ych,<\/li>\n\n\n\n<li>Organizacj\u0119 akcji spo\u0142ecznych, sympozj\u00f3w, seminari\u00f3w, wyk\u0142ad\u00f3w, warsztat\u00f3w spotka\u0144, kurs\u00f3w konferencji i innych wydarze\u0144 szkoleniowych zwi\u0105zanych z tematyk\u0105 animacji spo\u0142eczno-kulturalnej i aktywno\u015bci fizycznej,<\/li>\n\n\n\n<li>Opiek\u0119 i wspieranie ponadprzeci\u0119tnych utalentowanych m\u0142odych sportowc\u00f3w, w szczeg\u00f3lno\u015bci poprzez przyznawanie stypendi\u00f3w oraz nagr\u00f3d,<\/li>\n\n\n\n<li>Opiek\u0119 i wspieranie utalentowanych m\u0142odych artyst\u00f3w, w szczeg\u00f3lno\u015bci poprzez przyznawanie stypendi\u00f3w oraz nagr\u00f3d,<\/li>\n\n\n\n<li>Organizowanie dzia\u0142alno\u015bci informacyjnej i wydawniczej w zakresie obj\u0119tym celami Fundacji,<\/li>\n\n\n\n<li>Propagowanie rozwoju pasji, aktywno\u015bci sportowej i zdrowego trybu \u017cycia w szko\u0142ach podstawowych oraz ponad podstawowych,<\/li>\n\n\n\n<li>Prowadzenie kampanii spo\u0142ecznych promuj\u0105cych \u017cycie z pasj\u0105,<\/li>\n\n\n\n<li>Prowadzenie zaj\u0119\u0107 rozwijaj\u0105cych uzdolnienia dzieci, m\u0142odzie\u017cy oraz doros\u0142ych w szko\u0142ach, \u015bwietlicach, o\u015brodkach kultury, o\u015brodkach opieku\u0144czo-wychowawczych, o\u015brodkach edukacyjnych, o\u015brodkach pomocy spo\u0142ecznej, obozach wypoczynkowych, obozach sportowych, koloniach i innych,<\/li>\n\n\n\n<li>Wsp\u00f3\u0142dzia\u0142anie w realizacji pa\u0144stwowego programu upowszechniania kultury fizycznej i profilaktyki zdrowotnej,<\/li>\n\n\n\n<li>Prowadzenie klubu sportowego,<\/li>\n\n\n\n<li>Wykonywanie zada\u0144 zleconych w zakresie sportu i upowszechniania kultury oraz kultury fizycznej,<\/li>\n\n\n\n<li>Organizowanie zawod\u00f3w oraz masowych imprez sportowo \u2013rekreacyjnych,<\/li>\n\n\n\n<li>Propagowanie uprawiania r\u00f3\u017cnych form aktywno\u015bci, a tak\u017ce upowszechnianie i stosowanie innych form aktywnego wypoczynku,<\/li>\n\n\n\n<li>Opracowywanie, w ramach fundacji, plan\u00f3w i kierunk\u00f3w szkolenia oraz doszkalania trener\u00f3w, instruktor\u00f3w, s\u0119dzi\u00f3w, zawodnik\u00f3w, dzia\u0142aczy spo\u0142ecznych i pracownik\u00f3w etatowych oraz weryfikacja metod szkolenia przy wsp\u00f3\u0142pracy z instytucjami i uczelniami zajmuj\u0105cymi si\u0119 problematyk\u0105 r\u00f3\u017cnych form aktywno\u015bci, sportu i innych aktywno\u015bci oraz wspieranie rozwoju utalentowanych m\u0142odych artyst\u00f3w, w zakresie sportu, rekreacji,<\/li>\n\n\n\n<li>Prowadzenie dzia\u0142alno\u015bci wydawniczej, o\u015bwiatowej, szkoleniowej i popularyzatorskiej oraz inicjowanie i popieranie prac naukowo-badawczych w zakresie ta\u0144ca. Dzia\u0142alno\u015b\u0107 statutowa jest niedochodowa,<\/li>\n\n\n\n<li>Udzielanie licencji zawodnikom dzia\u0142aj\u0105cym w ramach Fundacji,<\/li>\n\n\n\n<li>Organizowanie koncert\u00f3w, imprez kulturalnych, przegl\u0105d\u00f3w i festiwali oraz konkurs\u00f3w z udzia\u0142em wykonawc\u00f3w krajowych i zagranicznych,<\/li>\n\n\n\n<li>Wsp\u00f3\u0142prac\u0119 z w\u0142adzami samorz\u0105dowymi i rz\u0105dowymi,<\/li>\n\n\n\n<li>Wsp\u00f3\u0142prac\u0119 z krajowymi i zagranicznymi organizacjami dzia\u0142aj\u0105cymi w zakresie obj\u0119tym celami Fundacji oraz wsp\u00f3\u0142prac\u0119 z innymi instytucjami b\u0105d\u017a osobami fizycznymi wykazuj\u0105cymi zainteresowanie dzia\u0142alno\u015bci\u0105 Fundacji,<\/li>\n\n\n\n<li>Uczestniczenie w imprezach kulturalnych i sportowych na terenie kraju i poza jego granicami,<\/li>\n\n\n\n<li>Realizowanie mi\u0119dzynarodowych projekt\u00f3w, warsztat\u00f3w oraz wymian m\u0142odzie\u017cy,<\/li>\n\n\n\n<li>Organizowanie i pozyskiwanie \u015brodk\u00f3w krajowych i zagranicznych na zakupu wyposa\u017cenia potrzebnego do funkcjonowania plac\u00f3wek o\u015bwiatowych, wychowawczych oraz \u015bwietlic,<\/li>\n\n\n\n<li>Organizowanie i tworzenie przedstawie\u0144 artystycznych,<\/li>\n\n\n\n<li>Organizowanie zbi\u00f3rek pieni\u0119\u017cnych i rzeczowych,<\/li>\n\n\n\n<li>Organizowanie lub wsp\u00f3\u0142organizowanie i pozyskiwanie \u015brodk\u00f3w krajowych i zagranicznych na realizacj\u0119 r\u00f3\u017cnych form wypoczynku letniego i zimowego dla dzieci, m\u0142odzie\u017cy i doros\u0142ych,<\/li>\n\n\n\n<li>Promocja nietypowych zainteresowa\u0144 oraz m\u0142odych artyst\u00f3w,<\/li>\n\n\n\n<li>Organizowanie i pozyskiwanie \u015brodk\u00f3w krajowych i zagranicznych na pomoc stypendialn\u0105 dla uzdolnionych dzieci i m\u0142odzie\u017cy w tym przyznawanie nagr\u00f3d i stypendi\u00f3w wspieraj\u0105cych dzia\u0142alno\u015b\u0107 os\u00f3b prawnych oraz innych nieposiadaj\u0105cych osobowo\u015bci prawnej prowadz\u0105cych dzia\u0142alno\u015b\u0107 zbie\u017cn\u0105 z celami Fundacji,<\/li>\n\n\n\n<li>Dzia\u0142alno\u015b\u0107 na rzecz integracji europejskiej oraz rozwijania kontakt\u00f3w i wsp\u00f3\u0142pracy mi\u0119dzy spo\u0142ecze\u0144stwami,<\/li>\n\n\n\n<li>Dzia\u0142ania promocyjno-reklamowe,<\/li>\n\n\n\n<li>Pomoc osobom starszym i seniorom z problemami zdrowotnymi.<\/li>\n\n\n\n<li>Szkolenie w zakresie aktywno\u015bci kulturalnych, sportowych i ekologicznych dla os\u00f3b starszych i senior\u00f3w,<\/li>\n\n\n\n<li>Prowadzenie zaj\u0119\u0107 z zakresu aktywno\u015bci wyciszaj\u0105cych oraz innych form aktywno\u015bci i odbudowy zdrowia dla os\u00f3b podatnych na trudno\u015bci metaboliczne lub oty\u0142o\u015b\u0107 oraz z problemami z kr\u0105\u017ceniem.<\/li>\n<\/ol>\n\n\n\n<p><strong>Cz\u0142onkostwo<\/strong><\/p>\n\n\n\n<p><strong>\u00a7 7<\/strong><\/p>\n\n\n\n<ol class=\"wp-block-list\">\n<li>Cz\u0142onkiem Klubu sportowego mo\u017ce zosta\u0107 osoba fizyczna posiadaj\u0105ca pe\u0142n\u0105 zdolno\u015b\u0107 do czynno\u015bci prawnych i niepozbawiona praw publicznych, kt\u00f3ra z\u0142o\u017cy pisemne o\u015bwiadczenie o przyst\u0105pieniu do Klubu oraz akceptacji jego Regulaminu i zostanie przyj\u0119ta przez Zarz\u0105d Fundacji.<\/li>\n\n\n\n<li>W przypadku odmowy przyj\u0119cia do Klubu kandydatowi na cz\u0142onka przys\u0142uguje odwo\u0142anie do Zarz\u0105du Fundacji w terminie 14 dni od daty dor\u0119czenia decyzji o odmowie przyj\u0119cia go do Klubu.<\/li>\n\n\n\n<li>Utrata cz\u0142onkostwa nast\u0119puje w przypadku:<\/li>\n<\/ol>\n\n\n\n<ol class=\"wp-block-list\">\n<li>\u015bmierci cz\u0142onka,<\/li>\n\n\n\n<li>pisemnej rezygnacji z\u0142o\u017conej na r\u0119ce Zarz\u0105du Fundacji,<\/li>\n\n\n\n<li>utraty pe\u0142nej zdolno\u015bci do czynno\u015bci prawnych,<\/li>\n\n\n\n<li>utraty praw publicznych,<\/li>\n\n\n\n<li>wykluczenia cz\u0142onka Klubu z powodu:<\/li>\n<\/ol>\n\n\n\n<ul class=\"wp-block-list\">\n<li>niep\u0142acenia sk\u0142adek cz\u0142onkowskich przez okres 12 miesi\u0119cy,<\/li>\n\n\n\n<li>nieprzestrzegania uchwa\u0142 w\u0142adz Klubu oraz postanowie\u0144 niniejszego Regulaminu.<\/li>\n<\/ul>\n\n\n\n<ol start=\"4\" class=\"wp-block-list\">\n<li>Decyzj\u0119 o wykluczenia cz\u0142onka ze Klubu podejmuje Zarz\u0105d Fundacji.<\/li>\n<\/ol>\n\n\n\n<p><strong>\u00a7 8&nbsp;<\/strong><\/p>\n\n\n\n<p>Cz\u0142onkowie maj\u0105 prawo:<\/p>\n\n\n\n<ol class=\"wp-block-list\">\n<li>korzystania z wszelkich form dzia\u0142alno\u015bci Klubu;<\/li>\n\n\n\n<li>udzia\u0142u w wydarzeniach oraz imprezach organizowanych przez Klub;<\/li>\n\n\n\n<li>uczestniczy\u0107 we wszystkich przedsi\u0119wzi\u0119ciach realizowanych w ramach zada\u0144 statutowych Klubu, kt\u00f3re s\u0105 do nich adresowane;<\/li>\n\n\n\n<li>uczestniczy\u0107 w zawodach i imprezach sportowych i rekreacyjnych organizowanych przez Klub.<\/li>\n<\/ol>\n\n\n\n<p><strong>\u00a7 9<\/strong><\/p>\n\n\n\n<p>Cz\u0142onkowie maj\u0105 obowi\u0105zek:<\/p>\n\n\n\n<ol class=\"wp-block-list\">\n<li>brania udzia\u0142u w dzia\u0142alno\u015bci Klubu i realizacji jego cel\u00f3w;<\/li>\n\n\n\n<li>troszczy\u0107 si\u0119 o dobro i rozw\u00f3j Klubu;<\/li>\n\n\n\n<li>dba\u0107 o sprz\u0119t i urz\u0105dzenia Klubu;<\/li>\n\n\n\n<li>przestrzegania statutu i uchwa\u0142 w\u0142adz Klubu;<\/li>\n\n\n\n<li>regularnego op\u0142acania sk\u0142adek.<\/li>\n<\/ol>\n\n\n\n<p><strong>Organy Klubu<\/strong><\/p>\n\n\n\n<p><strong>\u00a7 10<\/strong><\/p>\n\n\n\n<ol class=\"wp-block-list\">\n<li>Organem Klubu jest: Zarz\u0105d Fundacji, zwany dalej \u201cZarz\u0105dem\u201d.<\/li>\n\n\n\n<li>Cz\u0142onkowie Zarz\u0105du mog\u0105 otrzymywa\u0107 wynagrodzenie z tytu\u0142u pe\u0142nienia swoich funkcji.<\/li>\n<\/ol>\n\n\n\n<p><strong>\u00a7 11<\/strong><\/p>\n\n\n\n<ol class=\"wp-block-list\">\n<li>Zarz\u0105d sk\u0142ada si\u0119 z co najmniej jednej osoby.<\/li>\n\n\n\n<li>Je\u017celi Zarz\u0105d jest wieloosobowy to sk\u0142ada si\u0119 on z Prezesa Zarz\u0105du oraz Cz\u0142onk\u00f3w Zarz\u0105du.<\/li>\n\n\n\n<li>Cz\u0142onkowie Zarz\u0105du s\u0105 powo\u0142ywani i odwo\u0142ywani przez Fundatora.<\/li>\n\n\n\n<li>Cz\u0142onkostwo w Zarz\u0105dzie Fundacji ustaje w przypadku odwo\u0142ania, rezygnacji z cz\u0142onkostwa, \u015bmierci cz\u0142onka Zarz\u0105du.<\/li>\n\n\n\n<li>Kadencja Zarz\u0105du trwa pi\u0119\u0107 lat.<\/li>\n\n\n\n<li>Funkcj\u0119 Prezesa Zarz\u0105du lub Cz\u0142onka Zarz\u0105du mo\u017cna pe\u0142ni\u0107 przez wi\u0119cej ni\u017c jedn\u0105 kadencj\u0119.<\/li>\n\n\n\n<li>W razie zmian w sk\u0142adzie Zarz\u0105du w ci\u0105gu kadencji okres pe\u0142nienia funkcji przez nowo powo\u0142anych cz\u0142onk\u00f3w ko\u0144czy si\u0119 z up\u0142ywem kadencji ca\u0142ego Zarz\u0105du.<\/li>\n\n\n\n<li>Funkcj\u0119 Prezesa lub Cz\u0142onka Zarz\u0105du mo\u017ce pe\u0142ni\u0107 tak\u017ce Fundator Fundacji.<\/li>\n\n\n\n<li>Fundator Fundacji wchodzi w sk\u0142ad pierwszego Zarz\u0105du i obejmuje funkcj\u0119 Prezesa Zarz\u0105du.<\/li>\n<\/ol>\n\n\n\n<p><strong>\u00a7 12<\/strong><\/p>\n\n\n\n<ol class=\"wp-block-list\">\n<li>Zarz\u0105d kieruje dzia\u0142alno\u015bci\u0105 Klubu i reprezentuje j\u0105 na zewn\u0105trz.<\/li>\n\n\n\n<li>Do zada\u0144 Zarz\u0105du nale\u017cy w szczeg\u00f3lno\u015bci:<\/li>\n<\/ol>\n\n\n\n<ol class=\"wp-block-list\">\n<li>kierowanie powierzonymi poszczeg\u00f3lnym cz\u0142onkom Zarz\u0105du dzia\u0142aniami organizacyjnymi Klubu,<\/li>\n\n\n\n<li>uchwalanie rocznych plan\u00f3w finansowych,<\/li>\n\n\n\n<li>uchwalanie regulamin\u00f3w,<\/li>\n\n\n\n<li>sprawowanie zarz\u0105du maj\u0105tkiem Klubu,<\/li>\n\n\n\n<li>sporz\u0105dzanie sprawozda\u0144 z dzia\u0142alno\u015bci Klubu,<\/li>\n\n\n\n<li>przyjmowanie darowizn, spadk\u00f3w i subwencji,<\/li>\n\n\n\n<li>podejmowanie decyzji we wszystkich sprawach nie przekazanych do kompetencji Rady,<\/li>\n\n\n\n<li>reprezentowanie Klubu.<\/li>\n<\/ol>\n\n\n\n<ol start=\"3\" class=\"wp-block-list\">\n<li>Zarz\u0105d podejmuje decyzje na posiedzeniach w formie uchwa\u0142 powzi\u0119tych zwyk\u0142\u0105 wi\u0119kszo\u015bci\u0105 g\u0142os\u00f3w przy obecno\u015bci co najmniej Prezesa Zarz\u0105du. W przypadku r\u00f3wnej liczby g\u0142os\u00f3w decyduje g\u0142os Prezesa Zarz\u0105du.<\/li>\n\n\n\n<li>Uchwa\u0142y Zarz\u0105du mog\u0105 by\u0107 podejmowane na jego posiedzeniach lub w formie g\u0142osowania pisemnego, o ile wszyscy cz\u0142onkowie Zarz\u0105du wyra\u017c\u0105 zgod\u0119 na t\u0119 form\u0119 g\u0142osowania.<\/li>\n\n\n\n<li>Zarz\u0105d mo\u017ce powo\u0142ywa\u0107 pe\u0142nomocnik\u00f3w do kierowania wyodr\u0119bnionym zakresem spraw nale\u017c\u0105cych do zada\u0144 Klubu.<\/li>\n<\/ol>\n\n\n\n<p><strong>\u00a7 13<\/strong><\/p>\n\n\n\n<p>Cz\u0142onkowie Zarz\u0105du mog\u0105 pozostawa\u0107 z Klubem w stosunku pracy.<\/p>\n\n\n\n<p><strong>\u00a7 14<\/strong><\/p>\n\n\n\n<p>Wynagrodzenie Cz\u0142onk\u00f3w Zarz\u0105du i pracownik\u00f3w Fundacji jest wyp\u0142acane z wypracowanych \u015brodk\u00f3w, bez naruszania zasob\u00f3w finansowych przekazywanych przez Fundatora Fundacji.<\/p>\n\n\n\n<p><strong>Spos\u00f3b reprezentacji<\/strong><\/p>\n\n\n\n<p><strong>\u00a7 15<\/strong><\/p>\n\n\n\n<ol class=\"wp-block-list\">\n<li>O\u015bwiadczenia woli w imieniu Fundacji we wszystkich sprawach, tak\u017ce maj\u0105tkowych, sk\u0142ada\u0107 mo\u017ce ka\u017cdy cz\u0142onek Zarz\u0105du samodzielnie.<\/li>\n\n\n\n<li>Zarz\u0105d jest uprawniony do zmiany regulaminu na podstawie uchwa\u0142y.<\/li>\n<\/ol>\n\n\n\n<p><strong>\u015arodki finansowe Klubu<\/strong><\/p>\n\n\n\n<p><strong>\u00a7 16<\/strong><\/p>\n\n\n\n<p>Dochody Klubu mog\u0105 pochodzi\u0107 w szczeg\u00f3lno\u015bci z:<\/p>\n\n\n\n<ol class=\"wp-block-list\">\n<li>darowizn, spadk\u00f3w, zapis\u00f3w;<\/li>\n\n\n\n<li>dotacji i subwencji oraz grant\u00f3w;<\/li>\n\n\n\n<li>dochod\u00f3w ze zbi\u00f3rek i imprez publicznych;<\/li>\n\n\n\n<li>dochod\u00f3w z maj\u0105tku Klubu;<\/li>\n\n\n\n<li>dochod\u00f3w z aktyw\u00f3w, nieruchomo\u015bci oraz praw maj\u0105tkowych, w szczeg\u00f3lno\u015bci papier\u00f3w warto\u015bciowych i innych instrument\u00f3w finansowych dost\u0119pnych na rynku kapita\u0142owym;<\/li>\n\n\n\n<li>odsetek i depozyt\u00f3w bankowych;<\/li>\n\n\n\n<li>prowadzonej dzia\u0142alno\u015bci odp\u0142atnej statutowej;<\/li>\n\n\n\n<li>dochod\u00f3w z tytu\u0142u udzia\u0142u w zyskach os\u00f3b prawnych;<\/li>\n\n\n\n<li>sk\u0142adek cz\u0142onkowskich.<\/li>\n<\/ol>\n\n\n\n<p><strong>\u00a7 17<\/strong><\/p>\n\n\n\n<ol class=\"wp-block-list\">\n<li>Dochody z dotacji, darowizn, spadk\u00f3w i zapis\u00f3w mog\u0105 by\u0107 u\u017cyte na realizacj\u0119 wszystkich cel\u00f3w Klubu, je\u017celi ofiarodawcy nie postanowili inaczej.<\/li>\n\n\n\n<li>Klub mo\u017ce gromadzi\u0107 swoje fundusze w walucie polskiej oraz walutach obcych we w\u0142a\u015bciwych bankach zgodnie z przepisami polskiego prawa dewizowego.<\/li>\n<\/ol>\n\n\n\n<p><strong>\u00a7 18<\/strong><\/p>\n\n\n\n<p>\u015arodkami finansowymi Klubu zarz\u0105dza Zarz\u0105d Fundacji, zgodnie z obowi\u0105zuj\u0105cymi przepisami prawa, niniejszym Regulaminem oraz uchwa\u0142ami Zarz\u0105du Fundacji.<\/p>\n\n\n\n<p><strong>Postanowienia ko\u0144cowe<\/strong><\/p>\n\n\n\n<p><strong>\u00a7 19<\/strong><\/p>\n\n\n\n<ol class=\"wp-block-list\">\n<li>Klub sportowy ulega rozwi\u0105zaniu na podstawie uchwa\u0142y Zarz\u0105du Fundacji.<\/li>\n\n\n\n<li>Podejmuj\u0105c uchwa\u0142\u0119 o rozwi\u0105zaniu Klubu Zarz\u0105d Fundacji dokonuje wyboru Likwidatora i okre\u015bla przeznaczenie pozosta\u0142ych \u015brodk\u00f3w finansowych Klubu.<\/li>\n<\/ol>\n\n\n\n<p><strong>\u00a7 20<\/strong><\/p>\n\n\n\n<p>W sprawach nieuregulowanych niniejszym Regulaminem zastosowanie maj\u0105 przepisy ustawy Prawo o sporcie.<\/p>\n","protected":false},"excerpt":{"rendered":"<p>Postanowienia og\u00f3lne \u00a7 1 \u00a7 2 Podstaw\u0105 dzia\u0142ania Klubu s\u0105 przepisy Ustawy z dnia 25 czerwca 2010 r. o sporcie (Dz.U.2022.0.1599 t.j.), Statutu Fundacji AKADEMII 3RUN oraz postanowienia niniejszego Regulaminu. \u00a7 3 Terenem dzia\u0142alno\u015bci Klubu jest obszar Rzeczypospolitej Polskiej, przy czym w zakresie niezb\u0119dnym dla w\u0142a\u015bciwego realizowania cel\u00f3w mo\u017ce on prowadzi\u0107 dzia\u0142alno\u015b\u0107 tak\u017ce poza granicami [&hellip;]<\/p>\n","protected":false},"author":1,"featured_media":0,"parent":0,"menu_order":0,"comment_status":"closed","ping_status":"closed","template":"","meta":{"footnotes":""},"class_list":["post-230","page","type-page","status-publish","hentry"],"_links":{"self":[{"href":"https:\/\/akademia3run.pl\/index.php\/wp-json\/wp\/v2\/pages\/230","targetHints":{"allow":["GET"]}}],"collection":[{"href":"https:\/\/akademia3run.pl\/index.php\/wp-json\/wp\/v2\/pages"}],"about":[{"href":"https:\/\/akademia3run.pl\/index.php\/wp-json\/wp\/v2\/types\/page"}],"author":[{"embeddable":true,"href":"https:\/\/akademia3run.pl\/index.php\/wp-json\/wp\/v2\/users\/1"}],"replies":[{"embeddable":true,"href":"https:\/\/akademia3run.pl\/index.php\/wp-json\/wp\/v2\/comments?post=230"}],"version-history":[{"count":1,"href":"https:\/\/akademia3run.pl\/index.php\/wp-json\/wp\/v2\/pages\/230\/revisions"}],"predecessor-version":[{"id":231,"href":"https:\/\/akademia3run.pl\/index.php\/wp-json\/wp\/v2\/pages\/230\/revisions\/231"}],"wp:attachment":[{"href":"https:\/\/akademia3run.pl\/index.php\/wp-json\/wp\/v2\/media?parent=230"}],"curies":[{"name":"wp","href":"https:\/\/api.w.org\/{rel}","templated":true}]}}