{"id":378,"date":"2026-02-07T13:32:15","date_gmt":"2026-02-07T13:32:15","guid":{"rendered":"https:\/\/akademia3run.pl\/?page_id=378"},"modified":"2026-02-07T14:03:25","modified_gmt":"2026-02-07T14:03:25","slug":"oboz-gimnastyczny-2026","status":"publish","type":"page","link":"https:\/\/akademia3run.pl\/index.php\/oboz-gimnastyczny-2026\/","title":{"rendered":"Ob\u00f3z gimnastyczny 2026"},"content":{"rendered":"\n<p>Je\u015bli Twoje dziecko kocha ruch, ma niespo\u017cyt\u0105 energi\u0119 albo po prostu najlepiej czuje si\u0119 wtedy, gdy mo\u017ce biega\u0107, skaka\u0107, wspina\u0107 si\u0119 i pr\u00f3bowa\u0107 nowych wyzwa\u0144 \u2014 mamy co\u015b, co pokochacie!<\/p>\n\n\n\n<p><strong><mark style=\"background-color:rgba(0, 0, 0, 0)\" class=\"has-inline-color has-ti-accent-secondary-color\">GDZIE I KIEDY?<\/mark><br>9\u201319 lipca<\/strong> (10 nocy)<br>O\u015brodek Wypoczynkowy \u201eCztery Korty\u201d, Okoniny Nadjeziorne<\/p>\n\n\n\n<p><strong><mark style=\"background-color:rgba(0, 0, 0, 0)\" class=\"has-inline-color has-ti-accent-secondary-color\">CO W PROGRAMIE?<\/mark><\/strong><br>\u2714 ok. 4h treningu dziennie \u2013 m\u0105drze zaplanowanego i dostosowanego do wieku<br>\u2714 aktywno\u015bci, kt\u00f3re dzieci UWIELBIAJ\u0104:<\/p>\n\n\n\n<ul class=\"wp-block-list\">\n<li>kr\u0119gle \ud83c\udfb3<\/li>\n\n\n\n<li>kajaki \ud83d\udea3<\/li>\n\n\n\n<li>park linowy \ud83c\udf32<\/li>\n\n\n\n<li>pla\u017cowanie i k\u0105piele<\/li>\n\n\n\n<li>\u015bcianka wspinaczkowa<\/li>\n\n\n\n<li>ognisko \ud83d\udd25<\/li>\n\n\n\n<li>wieczorne gry i integracje<\/li>\n<\/ul>\n\n\n\n<p>\u2714 bezpieczny, zielony o\u015brodek nad jeziorem<br>\u2714 atmosfera wsparcia, motywacji i sportowej zajawki \u2014 dok\u0142adnie taka, jak na naszych treningach!<\/p>\n\n\n\n<p><strong><mark style=\"background-color:rgba(0, 0, 0, 0);color:#fcb900\" class=\"has-inline-color\">DLA KOGO?<\/mark><\/strong><\/p>\n\n\n\n<ul class=\"wp-block-list\">\n<li>dzieci i m\u0142odzie\u017c 7\u201317 lat<\/li>\n\n\n\n<li>zar\u00f3wno dla trenuj\u0105cych w Akademii 3run, jak i dla tych, kt\u00f3rzy chc\u0105 spr\u00f3bowa\u0107 czego\u015b nowego.<\/li>\n<\/ul>\n\n\n\n<p><br><strong><mark style=\"background-color:rgba(0, 0, 0, 0)\" class=\"has-inline-color has-ti-accent-secondary-color\">CENA<\/mark><\/strong><br>\ud83d\udc49 <strong>3150 z\u0142<\/strong> \u2013 przy wp\u0142acie zaliczki do ko\u0144ca marca<br>\ud83d\udc49 po tym terminie: <strong>3500<\/strong> <strong>z\u0142<\/strong><\/p>\n\n\n\n<p>Liczba miejsc jest ograniczona, a nasze obozy co roku znikaj\u0105 bardzo szybko \u2014 dlatego je\u015bli my\u015blicie o najlepszych wakacjach w tym roku, to jest TEN moment!<\/p>\n\n\n\n<p>\ud83d\udce9 Szczeg\u00f3\u0142y i zapisy: www.akademia3run.pl<br>\ud83d\udcde Pytania? 797 569 809<\/p>\n\n\n\n<p>Do zobaczenia na obozie!<br><\/p>\n\n\n\n<figure class=\"wp-block-image size-large\"><img loading=\"lazy\" decoding=\"async\" width=\"724\" height=\"1024\" src=\"http:\/\/akademia3run.pl\/wp-content\/uploads\/2026\/02\/oboz-2026-10-724x1024.png\" alt=\"\" class=\"wp-image-401\" srcset=\"https:\/\/akademia3run.pl\/wp-content\/uploads\/2026\/02\/oboz-2026-10-724x1024.png 724w, https:\/\/akademia3run.pl\/wp-content\/uploads\/2026\/02\/oboz-2026-10-212x300.png 212w, https:\/\/akademia3run.pl\/wp-content\/uploads\/2026\/02\/oboz-2026-10-768x1086.png 768w, https:\/\/akademia3run.pl\/wp-content\/uploads\/2026\/02\/oboz-2026-10-1086x1536.png 1086w, https:\/\/akademia3run.pl\/wp-content\/uploads\/2026\/02\/oboz-2026-10-scaled.png 1810w\" sizes=\"auto, (max-width: 724px) 100vw, 724px\" \/><\/figure>\n","protected":false},"excerpt":{"rendered":"<p>Je\u015bli Twoje dziecko kocha ruch, ma niespo\u017cyt\u0105 energi\u0119 albo po prostu najlepiej czuje si\u0119 wtedy, gdy mo\u017ce biega\u0107, skaka\u0107, wspina\u0107 si\u0119 i pr\u00f3bowa\u0107 nowych wyzwa\u0144 \u2014 mamy co\u015b, co pokochacie! GDZIE I KIEDY?9\u201319 lipca (10 nocy)O\u015brodek Wypoczynkowy \u201eCztery Korty\u201d, Okoniny Nadjeziorne CO W PROGRAMIE?\u2714 ok. 4h treningu dziennie \u2013 m\u0105drze zaplanowanego i dostosowanego do wieku\u2714 [&hellip;]<\/p>\n","protected":false},"author":1,"featured_media":0,"parent":0,"menu_order":0,"comment_status":"closed","ping_status":"closed","template":"","meta":{"footnotes":""},"class_list":["post-378","page","type-page","status-publish","hentry"],"_links":{"self":[{"href":"https:\/\/akademia3run.pl\/index.php\/wp-json\/wp\/v2\/pages\/378","targetHints":{"allow":["GET"]}}],"collection":[{"href":"https:\/\/akademia3run.pl\/index.php\/wp-json\/wp\/v2\/pages"}],"about":[{"href":"https:\/\/akademia3run.pl\/index.php\/wp-json\/wp\/v2\/types\/page"}],"author":[{"embeddable":true,"href":"https:\/\/akademia3run.pl\/index.php\/wp-json\/wp\/v2\/users\/1"}],"replies":[{"embeddable":true,"href":"https:\/\/akademia3run.pl\/index.php\/wp-json\/wp\/v2\/comments?post=378"}],"version-history":[{"count":5,"href":"https:\/\/akademia3run.pl\/index.php\/wp-json\/wp\/v2\/pages\/378\/revisions"}],"predecessor-version":[{"id":404,"href":"https:\/\/akademia3run.pl\/index.php\/wp-json\/wp\/v2\/pages\/378\/revisions\/404"}],"wp:attachment":[{"href":"https:\/\/akademia3run.pl\/index.php\/wp-json\/wp\/v2\/media?parent=378"}],"curies":[{"name":"wp","href":"https:\/\/api.w.org\/{rel}","templated":true}]}}