{"id":63,"date":"2024-09-01T08:12:02","date_gmt":"2024-09-01T08:12:02","guid":{"rendered":"https:\/\/akademia3run.pl\/?page_id=63"},"modified":"2025-08-01T14:36:34","modified_gmt":"2025-08-01T14:36:34","slug":"kontakt","status":"publish","type":"page","link":"https:\/\/akademia3run.pl\/index.php\/kontakt\/","title":{"rendered":"Kontakt"},"content":{"rendered":"\n<div class=\"wp-block-group has-ti-fg-alt-color has-text-color is-layout-constrained wp-block-group-is-layout-constrained\">\n<div class=\"wp-block-columns alignfull are-vertically-aligned-center is-layout-flex wp-container-core-columns-is-layout-28f84493 wp-block-columns-is-layout-flex\">\n<div class=\"wp-block-column is-vertically-aligned-center is-layout-flow wp-block-column-is-layout-flow\" style=\"flex-basis:100%\"><\/div>\n<\/div>\n<\/div>\n\n\n\n<div class=\"wp-block-columns alignfull are-vertically-aligned-center is-layout-flex wp-container-core-columns-is-layout-130aabec wp-block-columns-is-layout-flex\" style=\"border-style:none;border-width:0px;border-radius:0px;margin-top:0;margin-bottom:0;padding-top:0;padding-bottom:0\">\n<div class=\"wp-block-column is-vertically-aligned-center is-layout-flow wp-block-column-is-layout-flow\">\n<div class=\"wp-block-group has-ti-bg-alt-background-color has-background is-layout-constrained wp-container-core-group-is-layout-639b5052 wp-block-group-is-layout-constrained\" style=\"padding-top:0;padding-right:0;padding-bottom:0;padding-left:0\">\n<div class=\"wp-block-columns is-layout-flex wp-container-core-columns-is-layout-28f84493 wp-block-columns-is-layout-flex\">\n<div class=\"wp-block-column is-layout-flow wp-block-column-is-layout-flow\" style=\"flex-basis:100%\">\n<p><\/p>\n\n\n\n<h2 class=\"wp-block-heading alignwide has-text-align-center has-ti-accent-color has-text-color has-link-color has-huge-font-size wp-elements-a2ca60abbd496fb6b321bfab8468c165\">Jak do nas trafi\u0107<\/h2>\n\n\n\n<figure class=\"wp-block-embed aligncenter is-type-video is-provider-youtube wp-block-embed-youtube wp-embed-aspect-16-9 wp-has-aspect-ratio\"><div class=\"wp-block-embed__wrapper\">\n<iframe loading=\"lazy\" title=\"Jak do nas trafi\u0107\" width=\"500\" height=\"281\" src=\"https:\/\/www.youtube.com\/embed\/4PvQeFxvL6I?feature=oembed\" frameborder=\"0\" allow=\"accelerometer; autoplay; clipboard-write; encrypted-media; gyroscope; picture-in-picture; web-share\" referrerpolicy=\"strict-origin-when-cross-origin\" allowfullscreen><\/iframe>\n<\/div><\/figure>\n\n\n\n<p class=\"has-text-align-center has-ti-fg-color has-text-color has-link-color has-large-font-size wp-elements-75af3b19bd0bddbf9a233950e1dea15e\">Napisz do nas i dowiedz si\u0119 wi\u0119cej!<\/p>\n\n\n\n<div class=\"wp-block-columns is-layout-flex wp-container-core-columns-is-layout-28f84493 wp-block-columns-is-layout-flex\">\n<div class=\"wp-block-column is-layout-flow wp-block-column-is-layout-flow\">\n<figure class=\"wp-block-image aligncenter size-full\"><img loading=\"lazy\" decoding=\"async\" width=\"50\" height=\"50\" src=\"https:\/\/akademia3run.pl\/wp-content\/uploads\/2024\/08\/phone.png\" alt=\"\" class=\"wp-image-54\"\/><\/figure>\n\n\n\n<p class=\"has-text-align-center has-ti-bg-inv-color has-text-color has-link-color has-normal-font-size wp-elements-3b72ba1c73e927f9b432ef93057b727b\"><strong>797 569 809<\/strong><\/p>\n<\/div>\n\n\n\n<div class=\"wp-block-column is-layout-flow wp-block-column-is-layout-flow\">\n<figure class=\"wp-block-image aligncenter size-full is-resized\"><img loading=\"lazy\" decoding=\"async\" width=\"50\" height=\"43\" src=\"https:\/\/akademia3run.pl\/wp-content\/uploads\/2024\/08\/mail.png\" alt=\"\" class=\"wp-image-55\" style=\"width:57px;height:auto\"\/><\/figure>\n\n\n\n<p class=\"has-text-align-center has-ti-fg-color has-text-color has-link-color has-normal-font-size wp-elements-a43468d950a7cf9f2affff2ce0cdb691\"><strong>kontakt@akademia3run.pl<\/strong><\/p>\n<\/div>\n\n\n\n<div class=\"wp-block-column is-layout-flow wp-block-column-is-layout-flow\">\n<figure class=\"wp-block-image aligncenter size-full\"><img loading=\"lazy\" decoding=\"async\" width=\"50\" height=\"50\" src=\"https:\/\/akademia3run.pl\/wp-content\/uploads\/2024\/08\/localization.png\" alt=\"\" class=\"wp-image-56\"\/><\/figure>\n\n\n\n<p class=\"has-text-align-center has-ti-bg-inv-color has-text-color has-link-color has-normal-font-size wp-elements-93fa1a8b12291c2ac723db1104a80f35\"><strong>Warszawska 44\/50<\/strong><br>(bydunek Pabii)<\/p>\n<\/div>\n<\/div>\n<\/div>\n<\/div>\n<\/div>\n\n\n\n<iframe src=\"https:\/\/www.google.com\/maps\/embed?pb=!1m12!1m8!1m3!1d1237.380420740541!2d19.372746!3d51.664215!3m2!1i1024!2i768!4f13.1!2m1!1swarszawska%2044%2F50%20pabianice!5e0!3m2!1spl!2spl!4v1725178159576!5m2!1spl!2spl\" width=\"100%\" height=\"450\" style=\"border:0;\" allowfullscreen=\"\" loading=\"lazy\" referrerpolicy=\"no-referrer-when-downgrade\"><\/iframe>\n<\/div>\n<\/div>\n\n\n\n<p><\/p>\n","protected":false},"excerpt":{"rendered":"<p>Jak do nas trafi\u0107 Napisz do nas i dowiedz si\u0119 wi\u0119cej! 797 569 809 kontakt@akademia3run.pl Warszawska 44\/50(bydunek Pabii)<\/p>\n","protected":false},"author":1,"featured_media":0,"parent":0,"menu_order":0,"comment_status":"closed","ping_status":"closed","template":"","meta":{"footnotes":""},"class_list":["post-63","page","type-page","status-publish","hentry"],"_links":{"self":[{"href":"https:\/\/akademia3run.pl\/index.php\/wp-json\/wp\/v2\/pages\/63","targetHints":{"allow":["GET"]}}],"collection":[{"href":"https:\/\/akademia3run.pl\/index.php\/wp-json\/wp\/v2\/pages"}],"about":[{"href":"https:\/\/akademia3run.pl\/index.php\/wp-json\/wp\/v2\/types\/page"}],"author":[{"embeddable":true,"href":"https:\/\/akademia3run.pl\/index.php\/wp-json\/wp\/v2\/users\/1"}],"replies":[{"embeddable":true,"href":"https:\/\/akademia3run.pl\/index.php\/wp-json\/wp\/v2\/comments?post=63"}],"version-history":[{"count":6,"href":"https:\/\/akademia3run.pl\/index.php\/wp-json\/wp\/v2\/pages\/63\/revisions"}],"predecessor-version":[{"id":270,"href":"https:\/\/akademia3run.pl\/index.php\/wp-json\/wp\/v2\/pages\/63\/revisions\/270"}],"wp:attachment":[{"href":"https:\/\/akademia3run.pl\/index.php\/wp-json\/wp\/v2\/media?parent=63"}],"curies":[{"name":"wp","href":"https:\/\/api.w.org\/{rel}","templated":true}]}}